{"id":11385,"date":"2016-08-16T11:28:29","date_gmt":"2016-08-16T09:28:29","guid":{"rendered":"https:\/\/www.zwk.de\/?page_id=11385&#038;lang=it"},"modified":"2023-09-22T14:20:56","modified_gmt":"2023-09-22T12:20:56","slug":"informativa-sulla-tutela-dei-dati-personali-diritto","status":"publish","type":"page","link":"https:\/\/www.zwk.de\/it\/informativa-sulla-tutela-dei-dati-personali-diritto\/","title":{"rendered":"Informativa sulla tutela dei dati personali [diritto]"},"content":{"rendered":"<div id=\"pl-11385\"  class=\"panel-layout\" ><div id=\"pg-11385-0\"  class=\"panel-grid panel-no-style\" ><div id=\"pgc-11385-0-0\"  class=\"panel-grid-cell\" ><div id=\"panel-11385-0-0-0\" class=\"so-panel widget widget_sow-editor panel-first-child panel-last-child\" data-index=\"0\" ><div\n\t\t\t\n\t\t\tclass=\"so-widget-sow-editor so-widget-sow-editor-base\"\n\t\t\t\n\t\t><h3 class=\"widget-title\">Informativa sulla tutela dei dati personali<\/h3>\n<div class=\"siteorigin-widget-tinymce textwidget\">\n\t<p><strong><a href=\"https:\/\/www.zwk.de\/wp-content\/uploads\/2015\/10\/Rechtsform.jpg\"><img loading=\"lazy\" decoding=\"async\" class=\"alignright wp-image-7486 size-medium\" src=\"https:\/\/www.zwk.de\/wp-content\/uploads\/2015\/10\/Rechtsform-225x300.jpg\" sizes=\"auto, (max-width: 225px) 100vw, 225px\" srcset=\"https:\/\/www.zwk.de\/wp-content\/uploads\/2015\/10\/Rechtsform-225x300.jpg 225w, https:\/\/www.zwk.de\/wp-content\/uploads\/2015\/10\/Rechtsform.jpg 491w\" alt=\"Rechtsform\" width=\"225\" height=\"300\" \/><\/a><\/strong><\/p>\n<p>Verantwortliche Stelle im Sinne der Datenschutzgesetze ist:<\/p>\n<p>H\u00f6rl &amp; Hartmann<br \/>\nZiegeltechnik GmbH &amp; C0. KG<br \/>\nZiegeleistra\u00dfe 12<br \/>\n87727 Babenhausen<\/p>\n<p>Gesch\u00e4ftsf\u00fchrer:<br \/>\nThomas Thater, Matthias und Michael H\u00f6rl<\/p>\n<p>Telefon: 0 83 33 \/ 92 22 - 0<br \/>\nTelefax: 0 83 33 \/ 44 05<br \/>\ne-Mail: info(\u00e4t)zwk.de<\/p>\n<p><strong>Erfassung allgemeiner Informationen<\/strong><\/p>\n<p>Wenn Sie auf unsere Webseite zugreifen, werden automatisch Informationen allgemeiner Natur erfasst. Diese Informationen (Server-Logfiles) beinhalten etwa die Art des Webbrowsers, das verwendete Betriebssystem, den Domainnamen Ihres Internet Service Providers und \u00c4hnliches. Hierbei handelt es sich ausschlie\u00dflich um Informationen, welche keine R\u00fcckschl\u00fcsse auf Ihre Person zulassen. Diese Informationen sind technisch notwendig, um von Ihnen angeforderte Inhalte von Webseiten korrekt auszuliefern und fallen bei Nutzung des Internets zwingend an. Anonyme Informationen dieser Art werden von uns statistisch ausgewertet, um unseren Internetauftritt und die dahinter stehende Technik zu optimieren.<\/p>\n<p>Um die Sicherheit Ihrer Daten bei der \u00dcbertragung zu sch\u00fctzen, verwenden wir dem aktuellen Stand der Technik entsprechende Verschl\u00fcsselungsverfahren (z. B. SSL) \u00fcber HTTPS.<\/p>\n<p><b>Newsletter<\/b><\/p>\n<p>Bei der Anmeldung zum Bezug unseres Newsletters werden die von Ihnen angegebenen Daten ausschlie\u00dflich f\u00fcr diesen Zweck verwendet. Abonnenten k\u00f6nnen auch \u00fcber Umst\u00e4nde per E-Mail informiert werden, die f\u00fcr den Dienst oder die Registrierung relevant sind (Beispielsweise \u00c4nderungen des Newsletterangebots oder technische Gegebenheiten).<\/p>\n<p>F\u00fcr eine wirksame Registrierung ben\u00f6tigen wir eine valide E-Mail-Adresse. Um zu \u00fcberpr\u00fcfen, dass eine Anmeldung tats\u00e4chlich durch den Inhaber einer E-Mail Adresse erfolgt, setzen wir das \u201edouble-opt-in\u201c Verfahren ein. Hierzu protokollieren wir die Bestellung des Newsletters, den Versand einer Best\u00e4tigungsmail und den Eingang der hiermit angeforderten Antwort. Weitere Daten werden nicht erhoben. Die Daten werden ausschlie\u00dflich f\u00fcr den Newsletter-Versand verwendet und nicht an Dritte weitergegeben.<\/p>\n<p>Die Einwilligung zur Speicherung Ihrer pers\u00f6nlichen Daten und ihrer Nutzung f\u00fcr den Newsletterversand k\u00f6nnen Sie jederzeit widerrufen. In jedem Newsletter findet sich dazu ein entsprechender Link. Au\u00dferdem k\u00f6nnen Sie sich jederzeit auch direkt auf dieser Webseite abmelden oder uns Ihren entsprechenden Wunsch \u00fcber die am Ende dieses Dokuments angegebene Kontaktm\u00f6glichkeiten mitteilen.<\/p>\n<p><b>Kontaktformular<\/b><\/p>\n<p>Treten Sie per E-Mail oder Kontaktformular mit uns in Kontakt, werden die von Ihnen gemachten Angaben zum Zwecke der Bearbeitung der Anfrage sowie f\u00fcr m\u00f6gliche Anschlussfragen gespeichert.<\/p>\n<p><b>L\u00f6schung bzw. Sperrung der Daten<\/b><\/p>\n<p>Wir halten uns an die Grunds\u00e4tze der Datenvermeidung und Datensparsamkeit. Wir speichern Ihre personenbezogenen Daten daher nur so lange, wie dies zur Erreichung der hier genannten Zwecke erforderlich ist oder wie es die vom Gesetzgeber vorgesehenen vielf\u00e4ltigen Speicherfristen vorsehen. Nach Fortfall des jeweiligen Zweckes bzw. Ablauf dieser Fristen werden die entsprechenden Daten routinem\u00e4\u00dfig und entsprechend den gesetzlichen Vorschriften gesperrt oder gel\u00f6scht.<\/p>\n<p><b>Verwendung von Piwik<\/b><\/p>\n<p>Diese Webseite benutzt Piwik, eine Open.Source-Software zur statistischen Auswertung von Besucherzugriffen. Piwik verwendet sog. \u201eCookies\u201c, Textdateien, die auf Ihrem Computer gespeichert werden und die eine Analyse der Benutzung der Website durch Sie erm\u00f6glichen.<br \/>\nDie durch den Cookie erzeugten Informationen \u00fcber Ihre Nutzung des Internetangebotes werden auf einem Server in Deutschland gespeichert.<br \/>\nDie IP-Adresse wird unmittelbar nach der Verarbeitung und vor deren Speicherung anonymisiert. Sie haben die M\u00f6glichkeit, die Installation der Cookies durch \u00c4nderung der Einstellung Ihrer Browser-Software zu verhindern. Wir weisen Sie darauf hin, dass bei entsprechender Einstellung eventuell nicht mehr alle Funktionen dieser Website zur Verf\u00fcgung stehen.<\/p>\n<p>Sie k\u00f6nnen sich entscheiden, ob in Ihrem Browser ein eindeutiger Webanalyse-Cookie abgelegt werden darf, um dem Betreiber der Webseite die Erfassung und Analyse verschiedener statistischer Daten zu erm\u00f6glichen.<\/p>\n<p><strong>Cookies<\/strong><\/p>\n<p>Wie viele andere Webseiten verwenden wir auch so genannte \u201eCookies\u201c. Cookies sind kleine Textdateien, die von einem Webseitenserver auf Ihre Festplatte \u00fcbertragen werden. Hierdurch erhalten wir automatisch bestimmte Daten wie z. B. IP-Adresse, verwendeter Browser, Betriebssystem \u00fcber Ihren Computer und Ihre Verbindung zum Internet.<\/p>\n<p>Cookies k\u00f6nnen nicht verwendet werden, um Programme zu starten oder Viren auf einen Computer zu \u00fcbertragen. Anhand der in Cookies enthaltenen Informationen k\u00f6nnen wir Ihnen die Navigation erleichtern und die korrekte Anzeige unserer Webseiten erm\u00f6glichen.<\/p>\n<p>In keinem Fall werden die von uns erfassten Daten an Dritte weitergegeben oder ohne Ihre Einwilligung eine Verkn\u00fcpfung mit personenbezogenen Daten hergestellt.<\/p>\n<p>Nat\u00fcrlich k\u00f6nnen Sie unsere Website grunds\u00e4tzlich auch ohne Cookies betrachten. Internet-Browser sind regelm\u00e4\u00dfig so eingestellt, dass sie Cookies akzeptieren. Sie k\u00f6nnen die Verwendung von Cookies jederzeit \u00fcber die Einstellungen Ihres Browsers deaktivieren. Bitte verwenden Sie die Hilfefunktionen Ihres Internetbrowsers, um zu erfahren, wie Sie diese Einstellungen \u00e4ndern k\u00f6nnen. Bitte beachten Sie, dass einzelne Funktionen unserer Website m\u00f6glicherweise nicht funktionieren, wenn Sie die Verwendung von Cookies deaktiviert haben.<\/p>\n<p><strong>Ihre Rechte auf Auskunft, Berichtigung, Sperre, L\u00f6schung und Widerspruch<\/strong><\/p>\n<p>Sie haben das Recht, jederzeit Auskunft \u00fcber Ihre bei uns gespeicherten personenbezogenen Daten zu erhalten. Ebenso haben Sie das Recht auf Berichtigung, Sperrung oder, abgesehen von der vorgeschriebenen Datenspeicherung zur Gesch\u00e4ftsabwicklung, L\u00f6schung Ihrer personenbezogenen Daten. Bitte wenden Sie sich dazu an unseren Datenschutzbeauftragten. Die Kontaktdaten finden Sie ganz unten.<\/p>\n<p>Damit eine Sperre von Daten jederzeit ber\u00fccksichtigt werden kann, m\u00fcssen diese Daten zu Kontrollzwecken in einer Sperrdatei vorgehalten werden. Sie k\u00f6nnen auch die L\u00f6schung der Daten verlangen, soweit keine gesetzliche Archivierungsverpflichtung besteht. Soweit eine solche Verpflichtung besteht, sperren wir Ihre Daten auf Wunsch.<\/p>\n<p>Sie k\u00f6nnen \u00c4nderungen oder den Widerruf einer Einwilligung durch entsprechende Mitteilung an uns mit Wirkung f\u00fcr die Zukunft vornehmen.<\/p>\n<p><strong>\u00c4nderung unserer Datenschutzbestimmungen<\/strong><\/p>\n<p>Wir behalten uns vor, diese Datenschutzerkl\u00e4rung gelegentlich anzupassen, damit sie stets den aktuellen rechtlichen Anforderungen entspricht oder um \u00c4nderungen unserer Leistungen in der Datenschutzerkl\u00e4rung umzusetzen, z. B. bei der Einf\u00fchrung neuer Services. F\u00fcr Ihren erneuten Besuch gilt dann die neue Datenschutzerkl\u00e4rung.<\/p>\n<p><strong>Fragen an den Datenschutzbeauftragten<\/strong><\/p>\n<p>Wenn Sie Fragen zum Datenschutz haben, schreiben Sie uns bitte eine E-Mail oder wenden Sie sich direkt an unseren Datenschutzbeauftragten:<\/p>\n<p>Kontaktdaten:<\/p>\n<p>Albert Sommer<br \/>\nTel: 08333 92 22 24<br \/>\nFx: 08333 92 22 324<br \/>\ninfo(\u00e4t)zwk.de<\/p>\n<p>Die Datenschutz-Erkl\u00e4rung wurde mit Unterst\u00fctzung der <a href=\"https:\/\/www.activemind.de\/\">activeMind AG<\/a> erstellt.<\/p>\n<\/div>\n<\/div><\/div><\/div><\/div><div id=\"pg-11385-1\"  class=\"panel-grid panel-no-style\" ><div id=\"pgc-11385-1-0\"  class=\"panel-grid-cell\" ><div id=\"panel-11385-1-0-0\" class=\"so-panel widget widget_sow-editor panel-first-child panel-last-child\" data-index=\"1\" ><div\n\t\t\t\n\t\t\tclass=\"so-widget-sow-editor so-widget-sow-editor-base\"\n\t\t\t\n\t\t><h3 class=\"widget-title\">Google Analytics<\/h3>\n<div class=\"siteorigin-widget-tinymce textwidget\">\n\t<blockquote>\n<p>Diese Website benutzt Google Analytics, einen Webanalysedienst der Google Inc. (\u201eGoogle\u201c). Google Analytics verwendet sog. \u201eCookies\u201c, Textdateien, die auf Ihrem Computer gespeichert werden und die eine Analyse der Benutzung der Website durch Sie erm\u00f6glichen. Die durch das Cookie erzeugten Informationen \u00fcber Ihre Benutzung dieser Website werden in der Regel an einen Server von Google in den USA \u00fcbertragen und dort gespeichert. Im Falle der Aktivierung der IP-Anonymisierung auf dieser Website, wird Ihre IP-Adresse von Google jedoch innerhalb von Mitgliedstaaten der Europ\u00e4ischen Union oder in anderen Vertragsstaaten des Abkommens \u00fcber den Europ\u00e4ischen Wirtschaftsraum zuvor gek\u00fcrzt. Nur in Ausnahmef\u00e4llen wird die volle IP-Adresse an einen Server von Google in den USA \u00fcbertragen und dort gek\u00fcrzt. Im Auftrag des Betreibers dieser Website wird Google diese Informationen benutzen, um Ihre Nutzung der Website auszuwerten, um Reports \u00fcber die Websiteaktivit\u00e4ten zusammenzustellen und um weitere mit der Websitenutzung und der Internetnutzung verbundene Dienstleistungen gegen\u00fcber dem Websitebetreiber zu erbringen. Die im Rahmen von Google Analytics von Ihrem Browser \u00fcbermittelte IP-Adresse wird nicht mit anderen Daten von Google zusammengef\u00fchrt. Sie k\u00f6nnen die Speicherung der Cookies durch eine entsprechende Einstellung Ihrer Browser-Software verhindern; wir weisen Sie jedoch darauf hin, dass Sie in diesem Fall gegebenenfalls nicht s\u00e4mtliche Funktionen dieser Website vollumf\u00e4nglich werden nutzen k\u00f6nnen. Sie k\u00f6nnen dar\u00fcber hinaus die Erfassung der durch das Cookie erzeugten und auf Ihre Nutzung der Website bezogenen Daten (inkl. Ihrer IP-Adresse) an Google sowie die Verarbeitung dieser Daten durch Google verhindern, indem Sie das unter dem folgenden Link (<a href=\"http:\/\/tools.google.com\/dlpage\/gaoptout?hl=de\" target=\"_blank\">http:\/\/tools.google.com\/dlpage\/gaoptout?hl=de<\/a>) verf\u00fcgbare Browser-Plugin herunterladen und installieren.<\/p>\n<p>Sie k\u00f6nnen die Erfassung durch Google Analytics verhindern, indem Sie auf folgenden Link klicken. Es wird ein Opt-Out-Cookie gesetzt, das die zuk\u00fcnftige Erfassung Ihrer Daten beim Besuch dieser Website verhindert:<br \/> <strong>&lt;a href=\u201djavascript:gaOptout()\u201d&gt;<\/strong><a>Google Analytics deaktivieren<\/a><strong>&lt;\/a&gt;<\/strong><\/p>\n<p>N\u00e4here Informationen zu Nutzungsbedingungen und Datenschutz finden Sie unter <a href=\"http:\/\/www.google.com\/analytics\/terms\/de.html\" target=\"_blank\">http:\/\/www.google.com\/analytics\/terms\/de.html<\/a> bzw. unter\u00a0<a href=\"https:\/\/www.google.de\/intl\/de\/policies\/\" target=\"_blank\">https:\/\/www.google.de\/intl\/de\/policies\/<\/a>. Wir weisen Sie darauf hin, dass auf dieser Website Google Analytics um den Code \u201eanonymizeIp\u201c erweitert wurde, um eine anonymisierte Erfassung von IP-Adressen (sog. IP-Masking) zu gew\u00e4hrleisten.<\/p>\n<p>Quelle: <a href=\"http:\/\/www.datenschutzbeauftragter-info.de\">www.datenschutzbeauftragter-info.de<\/a><\/p>\n<\/blockquote>\n<\/div>\n<\/div><\/div><\/div><\/div><div id=\"pg-11385-2\"  class=\"panel-grid panel-no-style\" ><div id=\"pgc-11385-2-0\"  class=\"panel-grid-cell\" ><div id=\"panel-11385-2-0-0\" class=\"so-panel widget widget_sow-editor panel-first-child panel-last-child\" data-index=\"2\" ><div\n\t\t\t\n\t\t\tclass=\"so-widget-sow-editor so-widget-sow-editor-base\"\n\t\t\t\n\t\t><h3 class=\"widget-title\">Come posso disattivare i cookies?<\/h3>\n<div class=\"siteorigin-widget-tinymce textwidget\">\n\t<p><b> <\/b>Nel Suo browser pu\u00f2 disattivare il salvataggio di cookies e cancellare i cookies gi\u00e0 salvati.<br \/>Attraverso la disattivazione dei cookies \u00e8 possibile che parti del nostro sito web non vengano pi\u00f9 visualizzate o non funzionino pi\u00f9 correttamente.<br \/>\u00a0<br \/>Consulti i seguenti link per vedere come bloccare, disattivare o cancellare cookies nel browser da Lei utilizzato:\u00a0<\/p>\n<p><b>Mozilla Firefox:\u00a0<\/b><br \/><a class=\"external-link-new-window\" href=\"https:\/\/support.mozilla.org\/it\/kb\/Attivare%20e%20disattivare%20i%20cookie\" target=\"_blank\" rel=\"nofollow\" data-htmlarea-external=\"1\">https:\/\/support.mozilla.org\/it\/kb\/Attivare%20e%20disattivare%20i%20cookie<\/a><\/p>\n<p><b>Internet Explorer:<\/b><br \/><a href=\"http:\/\/windows.microsoft.com\/it-IT\/windows-vista\/block-or-allow-cookies\" target=\"_blank\">windows.microsoft.com\/it-IT\/windows-vista\/block-or-allow-cookies<\/a><\/p>\n<p><b>Google Chrome:<\/b><br \/><a class=\"external-link-new-window\" href=\"https:\/\/support.google.com\/chrome\/answer\/95647?hl=de&amp;topic=14666&amp;ctx=topic\" target=\"_blank\" rel=\"nofollow\" data-htmlarea-external=\"1\">https:\/\/support.google.com\/chrome\/answer\/95647?hl=it&amp;topic=14666&amp;ctx=topic<\/a><\/p>\n<p><b>Safari:<\/b><br \/><a class=\"external-link-new-window\" href=\"https:\/\/support.apple.com\/kb\/PH17191?locale=en_US&amp;viewlocale=it_IT\" target=\"_blank\" rel=\"nofollow\" data-htmlarea-external=\"1\">https:\/\/support.apple.com\/kb\/PH17191?locale=en_US&amp;viewlocale=it_IT<\/a><\/p>\n<p><b>Opera mobile:<\/b><br \/><a href=\"http:\/\/www.opera.com\/help\/tutorials\/security\/cookies\/\" target=\"_blank\">www.opera.com\/help\/tutorials\/security\/cookies\/<\/a><\/p>\n<p><b>Disattivare i cookies di Google Analytics:<\/b><br \/>Pu\u00f2 impedire la registrazione di dati e ulteriore utilizzo da parte di Google raccolti attraverso il servizio Google Analytics, scaricando e installando il browser-plugin che trova al seguente link:\u00a0<br \/><a href=\"http:\/\/tools.google.com\/dlpage\/gaoptout?hl=it\" target=\"_blank\">tools.google.com\/dlpage\/gaoptout<\/a><\/p>\n<p><b>Cookies di parti terze\u00a0<\/b><br \/>Possono essere disattivati singolarmente o cancellati dagli utenti. Pu\u00f2 trovare le istruzioni su come procedere sul sito dell\u2018European Interactive Digital Advertising Alliance:\u00a0<\/p>\n<p><a class=\"external-link-new-window\" href=\"http:\/\/www.youronlinechoices.eu\/\" target=\"_blank\" rel=\"nofollow\" data-htmlarea-external=\"1\">www.youronlinechoices.eu<\/a><\/p>\n<p><b>Cookies di profilazione \/ Utilizzo die cookies di Adwords Remarketing\u00a0<br \/>(per pubblicit\u00e0 comportamentale):<\/b><br \/>Pu\u00f2 negare in maniera permanente l\u2019utilizzo di cookies per il remarketing, disattivando la pubblicit\u00e0 comportamentale di Google:\u00a0<br \/>\u00a0<br \/><a class=\"external-link-new-window\" href=\"https:\/\/www.google.com\/settings\/ads\/onweb\/\" target=\"_blank\" rel=\"nofollow\" data-htmlarea-external=\"1\">https:\/\/www.google.com\/settings\/ads\/onweb\/\u00a0<\/a><br \/><b><br \/><\/b><\/p>\n<\/div>\n<\/div><\/div><\/div><\/div><\/div>","protected":false},"excerpt":{"rendered":"<p>Verantwortliche Stelle im Sinne der Datenschutzgesetze ist: H\u00f6rl &amp; Hartmann Ziegeltechnik GmbH &amp; C0. KG Ziegeleistra\u00dfe 12 87727 Babenhausen Gesch\u00e4ftsf\u00fchrer: Thomas Thater, Matthias und Michael H\u00f6rl Telefon: 0 83 33 \/ 92 22 &#8211; 0 Telefax: 0 83 33 \/ 44 05 e-Mail: info(\u00e4t)zwk.de Erfassung allgemeiner Informationen Wenn Sie auf unsere Webseite zugreifen, werden automatisch [&hellip;]<\/p>\n","protected":false},"author":2,"featured_media":0,"parent":0,"menu_order":89,"comment_status":"closed","ping_status":"closed","template":"","meta":{"_acf_changed":false,"footnotes":""},"class_list":["post-11385","page","type-page","status-publish","hentry"],"acf":[],"_links":{"self":[{"href":"https:\/\/www.zwk.de\/it\/wp-json\/wp\/v2\/pages\/11385","targetHints":{"allow":["GET"]}}],"collection":[{"href":"https:\/\/www.zwk.de\/it\/wp-json\/wp\/v2\/pages"}],"about":[{"href":"https:\/\/www.zwk.de\/it\/wp-json\/wp\/v2\/types\/page"}],"author":[{"embeddable":true,"href":"https:\/\/www.zwk.de\/it\/wp-json\/wp\/v2\/users\/2"}],"replies":[{"embeddable":true,"href":"https:\/\/www.zwk.de\/it\/wp-json\/wp\/v2\/comments?post=11385"}],"version-history":[{"count":5,"href":"https:\/\/www.zwk.de\/it\/wp-json\/wp\/v2\/pages\/11385\/revisions"}],"predecessor-version":[{"id":19642,"href":"https:\/\/www.zwk.de\/it\/wp-json\/wp\/v2\/pages\/11385\/revisions\/19642"}],"wp:attachment":[{"href":"https:\/\/www.zwk.de\/it\/wp-json\/wp\/v2\/media?parent=11385"}],"curies":[{"name":"wp","href":"https:\/\/api.w.org\/{rel}","templated":true}]}}