{"id":9506,"date":"2016-05-02T15:49:21","date_gmt":"2016-05-02T13:49:21","guid":{"rendered":"https:\/\/www.zwk.de\/?page_id=9506&#038;lang=it"},"modified":"2023-09-22T14:17:08","modified_gmt":"2023-09-22T12:17:08","slug":"colophon","status":"publish","type":"page","link":"https:\/\/www.zwk.de\/it\/colophon\/","title":{"rendered":"Colophon"},"content":{"rendered":"<div id=\"pl-9506\"  class=\"panel-layout\" ><div id=\"pg-9506-0\"  class=\"panel-grid panel-no-style\" ><div id=\"pgc-9506-0-0\"  class=\"panel-grid-cell\" ><div id=\"panel-9506-0-0-0\" class=\"so-panel widget widget_sow-editor panel-first-child\" data-index=\"0\" ><div\n\t\t\t\n\t\t\tclass=\"so-widget-sow-editor so-widget-sow-editor-base\"\n\t\t\t\n\t\t><h3 class=\"widget-title\">Colophon<\/h3>\n<div class=\"siteorigin-widget-tinymce textwidget\">\n\t<p><a href=\"https:\/\/www.zwk.de\/wp-content\/uploads\/2015\/11\/impressum.jpg\"><img loading=\"lazy\" decoding=\"async\" class=\"wp-image-3005 size-medium alignright\" src=\"https:\/\/www.zwk.de\/wp-content\/uploads\/2015\/11\/impressum-300x222.jpg\" alt=\"\" width=\"300\" height=\"222\" srcset=\"https:\/\/www.zwk.de\/wp-content\/uploads\/2015\/11\/impressum-300x222.jpg 300w, https:\/\/www.zwk.de\/wp-content\/uploads\/2015\/11\/impressum-768x569.jpg 768w, https:\/\/www.zwk.de\/wp-content\/uploads\/2015\/11\/impressum.jpg 800w\" sizes=\"auto, (max-width: 300px) 100vw, 300px\" \/><\/a><\/p>\n<p><strong>Recapito<\/strong><\/p>\n<p>H\u00f6rl &amp; Hartmann<br \/>\nZiegeltechnik GmbH &amp; Co. KG<br \/>\nZiegeleistra\u00dfe 12<br \/>\nD-87727 Babenhausen<\/p>\n<p><strong>Direttori aziendali<\/strong><\/p>\n<p>Matthias H\u00f6rl, Michael H\u00f6rl<\/p>\n<p><strong>Responsabile redazione<\/strong><\/p>\n<p>Matthias H\u00f6rl<\/p>\n<p><strong>Contatto<\/strong><\/p>\n<p>Telefono: 0049 83 33 \/ 92 22 - 0<br \/>\nTelefax: 0049 83 33 \/ 92 22 - 3299<br \/>\ne-Mail: <a href=\"mailto:info@zwk.de\">info@zwk.de<\/a><\/p>\n<p><strong>Imposta sulle entrate numero d'identificazione secondo il \u00a7 27 della legge sulle imposte<\/strong><\/p>\n<p>DE 198589073<\/p>\n<\/div>\n<\/div><\/div><div id=\"panel-9506-0-0-1\" class=\"so-panel widget widget_sow-editor\" data-index=\"1\" ><div\n\t\t\t\n\t\t\tclass=\"so-widget-sow-editor so-widget-sow-editor-base\"\n\t\t\t\n\t\t><h3 class=\"widget-title\">Forma giuridica<\/h3>\n<div class=\"siteorigin-widget-tinymce textwidget\">\n\t<p>Societ\u00e0 in accomandita semplice<br \/>\nSede: Dachau<br \/>\nRegistrata presso il tribunale di Monaco HRA 99687<\/p>\n<p>Socio personale responsabile:<br \/>\nMichael H\u00f6rl, Matthias H\u00f6rl, H\u00f6rl Beteiligungs GmbH<br \/>\nSede: Babenhausen-Klosterbeuren<\/p>\n<p>Sede d\u2018adempimento: Klosterbeuren<br \/>\nForo competente: Monaco<br \/>\nStazione ferroviaria per:<br \/>\nSpedizione piccola velocit\u00e0: Klosterbeuren 1161<br \/>\nSpedizione espresso: 89293 Kellm\u00fcnz\/Svevia<\/p>\n<\/div>\n<\/div><\/div><div id=\"panel-9506-0-0-2\" class=\"so-panel widget widget_sow-editor panel-last-child\" data-index=\"2\" ><div\n\t\t\t\n\t\t\tclass=\"so-widget-sow-editor so-widget-sow-editor-base\"\n\t\t\t\n\t\t><h3 class=\"widget-title\">Sede commisione responsabilit\u00e1 civile<\/h3>\n<div class=\"siteorigin-widget-tinymce textwidget\">\n\t<p align=\"justify\"><strong>1. Contenuto<\/strong><br \/> La ditta Ziegelwerk Klosterbeuren non assume nessuna responsabilit\u00e0 per l\u2019attualit\u00e0, la correttezza, la completezza o la qualit\u00e0 delle informazioni messe a disposizione. Pretese di responsabilit\u00e0 nei confronti della ditta Ziegelwerk Klosterbeuren per danni di natura materiale o ideale causati dall\u2019utilizzo o non utilizzo dei dati offerti o causati da informazioni scorrette o incomplete sono escluse di principio, purch\u00e8 da parte della ditta Ziegelwerk Klosterbeuren non si tratti di una dimostrabile colpa intenzionale o grave negligenza. Tutte le offerte sono non impegnative e non vincolanti. La ditta Ziegelwerk Klosterbeuren si riserva il diritto, senza particolare preavviso, di modificare, d\u2019integrare, cancellare o di sospendere la pubblicazione temporaneamente o definitivamente, una parte delle pagine o la totale offerta.<\/p>\n<p align=\"justify\"><strong>2. Collegamenti e Links<br \/> <\/strong>In collegamenti diretti o indiritti con altre pagine Web (collegamenti ipertestuali) al di fuori della responsabilit\u00e0 della ditta Ziegelwerk Klosterbeuren , una responsabilit\u00e0 civile entrerebbe in vigore solo nel caso la ditta Ziegelwerk Klosterbeuren sia a conoscenza dei contenuti e le sia tecnicamente possibile e praticabile ostacolarne l\u2019utilizzo nel caso di contenuti illegali.<br \/> La ditta Ziegelwerk Klosterbeuren dichiara pertanto esplicitamente, che al momento dell\u2019inserimento del link non erano riconoscibili contenuti illegali sulle pagine in collegamento. L\u2019autore non ha nessun influsso sulla configurazione attuale e futura, sui contenuti o i diritti d\u2019autore delle pagine collegate. Pertanto si distanzia esplicitamente da tutti i contenuti delle pagine links collegate che sono state modificate dopo il loro inserimento.<br \/> Questa dichiarazione \u00e8 valida per tutti i links e rinvii inseriti all\u2019interno delle proprie offerte internet e, cos\u00ec pure, per le registrazioni esterne nelle liste clienti, nelle tavole rotonde, negli elenchi links, nelle liste E-Mail e in tutti i tipi di banche dati, installate dalla ditta Ziegelwerk Klosterbeuren, su cui \u00e8 possibile accedere esternamente. Per contenuti illegali, scorretti o incompleti, in modo particolare per danni che sorgono dall\u2019utilizzo o non utilizzo di queste informazioni offerte, risponde solo l\u2019offerente della pagina su cui si \u00e8 stati indirizzati, e non quello che attraverso links indica solo un riferimento alla rispettiva pubblicazione.<\/p>\n<p align=\"justify\"><strong>3. Diritti d\u2019autore e diritti d\u2019identificazione<br \/> <\/strong>La ditta Ziegelwerk Klosterbeuren si impegna ad osservare in tutte le pubblicazioni i diritti d\u2019autore\u00a0 su foto, grafici, documenti sonori, sequenze-video e testi utilizzati. Si impegna inoltre a utilizzare foto, grafici, documenti sonori, sequenze-video e testi da lei stessa prodotti o liberi da licenze.<br \/> Tutte le marche ed i simboli dei prodotti nominati, ed eventualmente protetti da terzi, nelle offerte interne internet rimangono d\u2019esclusiva propriet\u00e0 dei rispettivi valevoli diritti d\u2019identificazione e dei diritti di propriet\u00e0 dei rispettivi possessori registrati. Sulla base della sola menzione non si deve concludere che il marchio registrato non sia protetto dai diritti da parte di terzi.<br \/> Il diritto d\u2019autore per oggetti pubblicati dall\u2019autore stesso rimane propriet\u00e0 solo dell\u2019autore delle pagine. Non \u00e8 permessa nessuna riproduzione o utilizzo di questi grafici, documenti sonori, sequenze-video e testi in altre pubblicazioni elettroniche o stampate senza il consenso esplicito della ditta Ziegelwerk Klosterbeuren.<\/p>\n<p align=\"justify\"><strong>4. Protezione dei dati<\/strong><br \/> L\u2019inserimento, su possibile richiesta all\u2019interno dell\u2019offerta internet, di dati personali o professionali (indirizzi E-Mail, nomi o indirizzi) avviene da parte dell\u2019utente esplicitamente su base volontaria. La rivendicazione e il pagamento di tutti i servizi offerti \u00e8 permesso, se tecnicamente e ragionevolmente fattibile, anche senza l\u2019indicazione di questi dati o rispettivamente sotto indicazione di dati anonimi o attraverso uno pseudonimo. L\u2019utilizzo dei dati di contatto pubblicati, come per esempio indirizzi postali, numeri di telefono e di fax, cos\u00ec come indirizzi E-Mail presenti nel colophon-Impressum, da parte di terzi inviando informazioni non esplicitamente richieste, non \u00e8 permesso. Ci si riserva di procedere legalmente contro i propagatori di Spam-Mails nel caso contravvengano al divieto sopra citato.<\/p>\n<p align=\"justify\"><strong>5. Efficacia giuridica di questa esclusione di responsabilit\u00e0<\/strong><br \/> Nel caso parti o singole formulazioni di questo testo non dovessero essere pi\u00f9 conformi, in parte o integralmente, con la legge in vigore, le altre parti del documento rimangono integre nel loro contenuto e nella loro validit\u00e0.<\/p>\n<p>\u00a0<\/p>\n<\/div>\n<\/div><\/div><\/div><\/div><\/div>","protected":false},"excerpt":{"rendered":"<p>Recapito H\u00f6rl &amp; Hartmann Ziegeltechnik GmbH &amp; Co. KG Ziegeleistra\u00dfe 12 D-87727 Babenhausen Direttori aziendali Matthias H\u00f6rl, Michael H\u00f6rl Responsabile redazione Matthias H\u00f6rl Contatto Telefono: 0049 83 33 \/ 92 22 &#8211; 0 Telefax: 0049 83 33 \/ 92 22 &#8211; 3299 e-Mail: info@zwk.de Imposta sulle entrate numero d&#8217;identificazione secondo il \u00a7 27 della legge [&hellip;]<\/p>\n","protected":false},"author":2,"featured_media":0,"parent":0,"menu_order":91,"comment_status":"closed","ping_status":"closed","template":"","meta":{"_acf_changed":false,"footnotes":""},"class_list":["post-9506","page","type-page","status-publish","hentry"],"acf":[],"_links":{"self":[{"href":"https:\/\/www.zwk.de\/it\/wp-json\/wp\/v2\/pages\/9506","targetHints":{"allow":["GET"]}}],"collection":[{"href":"https:\/\/www.zwk.de\/it\/wp-json\/wp\/v2\/pages"}],"about":[{"href":"https:\/\/www.zwk.de\/it\/wp-json\/wp\/v2\/types\/page"}],"author":[{"embeddable":true,"href":"https:\/\/www.zwk.de\/it\/wp-json\/wp\/v2\/users\/2"}],"replies":[{"embeddable":true,"href":"https:\/\/www.zwk.de\/it\/wp-json\/wp\/v2\/comments?post=9506"}],"version-history":[{"count":10,"href":"https:\/\/www.zwk.de\/it\/wp-json\/wp\/v2\/pages\/9506\/revisions"}],"predecessor-version":[{"id":19640,"href":"https:\/\/www.zwk.de\/it\/wp-json\/wp\/v2\/pages\/9506\/revisions\/19640"}],"wp:attachment":[{"href":"https:\/\/www.zwk.de\/it\/wp-json\/wp\/v2\/media?parent=9506"}],"curies":[{"name":"wp","href":"https:\/\/api.w.org\/{rel}","templated":true}]}}