{"id":9594,"date":"2016-05-04T08:22:23","date_gmt":"2016-05-04T06:22:23","guid":{"rendered":"https:\/\/www.zwk.de\/?page_id=9594&#038;lang=it"},"modified":"2016-08-31T08:48:47","modified_gmt":"2016-08-31T06:48:47","slug":"intonacatura-di-mattoni-in-laterizio","status":"publish","type":"page","link":"https:\/\/www.zwk.de\/it\/servizio\/intonacatura-di-mattoni-in-laterizio\/","title":{"rendered":"Intonacatura di mattoni in laterizio"},"content":{"rendered":"<div id=\"pl-9594\"  class=\"panel-layout\" ><div id=\"pg-9594-0\"  class=\"panel-grid panel-no-style\" ><div id=\"pgc-9594-0-0\"  class=\"panel-grid-cell\" ><div id=\"panel-9594-0-0-0\" class=\"so-panel widget widget_sow-editor panel-first-child panel-last-child\" data-index=\"0\" ><div\n\t\t\t\n\t\t\tclass=\"so-widget-sow-editor so-widget-sow-editor-base\"\n\t\t\t\n\t\t><h3 class=\"widget-title\">Intonacatura di mattoni in laterizio<\/h3>\n<div class=\"siteorigin-widget-tinymce textwidget\">\n\t<p><strong><a href=\"https:\/\/www.zwk.de\/wp-content\/uploads\/2016\/05\/Roefix_it1.jpg\"><img loading=\"lazy\" decoding=\"async\" class=\"alignright wp-image-9633\" src=\"https:\/\/www.zwk.de\/wp-content\/uploads\/2016\/05\/Roefix_it1-300x233.jpg\" alt=\"Roefix_it1\" width=\"251\" height=\"195\" srcset=\"https:\/\/www.zwk.de\/wp-content\/uploads\/2016\/05\/Roefix_it1-300x233.jpg 300w, https:\/\/www.zwk.de\/wp-content\/uploads\/2016\/05\/Roefix_it1-768x598.jpg 768w, https:\/\/www.zwk.de\/wp-content\/uploads\/2016\/05\/Roefix_it1-1024x797.jpg 1024w, https:\/\/www.zwk.de\/wp-content\/uploads\/2016\/05\/Roefix_it1.jpg 1028w\" sizes=\"auto, (max-width: 251px) 100vw, 251px\" \/><\/a>La combinazione di mattoni &amp; intonaci consiglia \u2013 una partnership di sistema tra R\u00d6FIX e la ditta Ziegelwerk Klosterbeuren.<\/strong><\/p>\n<p>\u00c0tecnica comporta l'impiego di intonaci alleggeriti. Un'ottimale combinazione tra gli elementi costitutivi della parete, i mattoni, e il rivestimento murale (per interni o per esterni) \u00e8 determinante al fine di ottenere delle facciate dell'edificio funzionali sotto il profilo fisico-strutturale ed esteticamente adeguate.<\/p>\n<p>La R\u00d6FIX, specializzata per tradizione in intonaci, e l'altrettanto nota ditta Ziegelwerk Klosterbeuren hanno sviluppato una partnership di sistema, coordinando i loro prodotti per l'edilizia pi\u00f9 moderni. Entrambe le ditte sono perci\u00f2 in grado di garantire la funzionalit\u00e0 delle combinazioni di materiali riportate nella seguente tabella.<\/p>\n<p><a href=\"https:\/\/www.zwk.de\/wp-content\/uploads\/2016\/05\/Roefix_it2.jpg\"><img loading=\"lazy\" decoding=\"async\" class=\"alignright wp-image-9636\" src=\"https:\/\/www.zwk.de\/wp-content\/uploads\/2016\/05\/Roefix_it2-300x153.jpg\" alt=\"Roefix_it2\" width=\"250\" height=\"128\" srcset=\"https:\/\/www.zwk.de\/wp-content\/uploads\/2016\/05\/Roefix_it2-300x153.jpg 300w, https:\/\/www.zwk.de\/wp-content\/uploads\/2016\/05\/Roefix_it2-768x393.jpg 768w, https:\/\/www.zwk.de\/wp-content\/uploads\/2016\/05\/Roefix_it2-1024x523.jpg 1024w, https:\/\/www.zwk.de\/wp-content\/uploads\/2016\/05\/Roefix_it2.jpg 1565w\" sizes=\"auto, (max-width: 250px) 100vw, 250px\" \/><\/a>Nella tabella potrete trovare le possibilit\u00e0 esecutive dei partner di sistema R\u00d6FIX e Ziegelwerk Klosterbeuren.<\/p>\n<p> Per maggiori informazioni sui prodotti potrete rivolgervi ai consulenti tecnici di entrambe le ditte, consultare le documentazioni tecniche relative.<\/p>\n<p>\u00a0<\/p>\n<h5 align=\"left\">Con i sistemi coordinati di prodotti ZIEGELWERK KLOSTERBEUREN e R\u00d6FIX si va sul sicuro.<\/h5>\n<p><span class=\"zeilenabstand_18\"><strong><a href=\"https:\/\/www.zwk.de\/wp-content\/uploads\/2016\/05\/Putzaufbau_Roefix.png\"><img loading=\"lazy\" decoding=\"async\" class=\"alignleft wp-image-9630\" src=\"https:\/\/www.zwk.de\/wp-content\/uploads\/2016\/05\/Putzaufbau_Roefix-300x300.png\" alt=\"Putzaufbau_Roefix\" width=\"280\" height=\"279\" srcset=\"https:\/\/www.zwk.de\/wp-content\/uploads\/2016\/05\/Putzaufbau_Roefix-300x300.png 300w, https:\/\/www.zwk.de\/wp-content\/uploads\/2016\/05\/Putzaufbau_Roefix-150x150.png 150w, https:\/\/www.zwk.de\/wp-content\/uploads\/2016\/05\/Putzaufbau_Roefix-768x765.png 768w, https:\/\/www.zwk.de\/wp-content\/uploads\/2016\/05\/Putzaufbau_Roefix.png 771w\" sizes=\"auto, (max-width: 280px) 100vw, 280px\" \/><\/a>Accoppiamento di prodotti coordinati<br \/> dall\u2019interno all\u2019esterno:<\/strong> <\/span><\/p>\n<ul>\n<li>R\u00d6FIX 700 Rivestimento pregiato bianco<\/li>\n<li>R\u00d6FIX 190 Intonaco di fondo calce\/cemento (variante R\u00d6FIX 510 Intonaco a basecalce\/gesso)<\/li>\n<li>ThermoBlock<span class=\"hochgestellter_Text_8\">\u00ae<\/span> mattone forato per risparmio energetica fissato con R\u00d6FIX 820 Malta permurature termoisolanti<\/li>\n<li>R\u00d6FIX 865 Intonaco di fondo leggero a base calce\/cemento (variante R\u00d6FIX 888 Intonacotermoisolante minerale)<\/li>\n<li>R\u00d6FIX Primer UNI<\/li>\n<li><span class=\"zeilenabstand_18\">R\u00d6FIX rivestimento ai silossani oppure R\u00d6FIX\n<p><\/span><\/li>\n<\/ul>\n<p>\u00a0<\/p>\n<p><strong><a href=\"https:\/\/www.zwk.de\/wp-content\/uploads\/2016\/05\/putztabelle1_gr_it.jpg\"><img loading=\"lazy\" decoding=\"async\" class=\"size-medium wp-image-9600 alignleft\" src=\"https:\/\/www.zwk.de\/wp-content\/uploads\/2016\/05\/putztabelle1_gr_it-300x95.jpg\" alt=\"putztabelle1_gr_it\" width=\"300\" height=\"95\" srcset=\"https:\/\/www.zwk.de\/wp-content\/uploads\/2016\/05\/putztabelle1_gr_it-300x95.jpg 300w, https:\/\/www.zwk.de\/wp-content\/uploads\/2016\/05\/putztabelle1_gr_it-768x244.jpg 768w, https:\/\/www.zwk.de\/wp-content\/uploads\/2016\/05\/putztabelle1_gr_it.jpg 1000w\" sizes=\"auto, (max-width: 300px) 100vw, 300px\" \/><\/a>Intonacatura di mattoni ThermoBlock<span class=\"hochgestellter_Text_8\">\u00ae<\/span><\/strong><br \/> Prima dell'applicazione dell'intonaco di fondo bisogna controllare la complanarit\u00e0 delle fughe di malta con la muratura (diversi spessori di intonaco). Importante: controllare la presenza di infiorescenze. Il contenuto di umidit\u00e0 su campioni a profondit\u00e0 di almeno 30 mm non deve essere superiore al 4% in peso.<\/p>\n<p>\u00a0<\/p>\n<p><strong><a href=\"https:\/\/www.zwk.de\/wp-content\/uploads\/2016\/05\/putztabelle2_gr_it.jpg\"><img loading=\"lazy\" decoding=\"async\" class=\"size-medium wp-image-9603 alignleft\" src=\"https:\/\/www.zwk.de\/wp-content\/uploads\/2016\/05\/putztabelle2_gr_it-300x87.jpg\" alt=\"putztabelle2_gr_it\" width=\"300\" height=\"87\" srcset=\"https:\/\/www.zwk.de\/wp-content\/uploads\/2016\/05\/putztabelle2_gr_it-300x87.jpg 300w, https:\/\/www.zwk.de\/wp-content\/uploads\/2016\/05\/putztabelle2_gr_it-768x222.jpg 768w, https:\/\/www.zwk.de\/wp-content\/uploads\/2016\/05\/putztabelle2_gr_it.jpg 1000w\" sizes=\"auto, (max-width: 300px) 100vw, 300px\" \/><\/a>Intonacatura di mattoni forati in laterizio <\/strong><br \/> Prima dell'applicazione dell'intonaco di fondo bisogna controllare la complanarit\u00e0 delle fughe di malta con la muratura (diversi spessori di intonaco). Importante: controllare la presenza di infiorescenze. Il contenuto di umidit\u00e0 su campioni a profondit\u00e0 di almeno 30 mm non deve essere superiore al 4% in peso.<\/p>\n<p>\u00a0<\/p>\n<p><strong><a href=\"https:\/\/www.zwk.de\/wp-content\/uploads\/2016\/05\/putztabelle3_gr_it.jpg\"><img loading=\"lazy\" decoding=\"async\" class=\"size-medium wp-image-9597 alignleft\" src=\"https:\/\/www.zwk.de\/wp-content\/uploads\/2016\/05\/putztabelle3_gr_it-300x98.jpg\" alt=\"putztabelle3_gr_it\" width=\"300\" height=\"98\" srcset=\"https:\/\/www.zwk.de\/wp-content\/uploads\/2016\/05\/putztabelle3_gr_it-300x98.jpg 300w, https:\/\/www.zwk.de\/wp-content\/uploads\/2016\/05\/putztabelle3_gr_it-768x252.jpg 768w, https:\/\/www.zwk.de\/wp-content\/uploads\/2016\/05\/putztabelle3_gr_it.jpg 1000w\" sizes=\"auto, (max-width: 300px) 100vw, 300px\" \/><\/a>Intonacatura di blocchi rettificati ThermoPlan<span class=\"hochgestellter_Text_8\">\u00ae<\/span><\/strong><br \/> Il supporto deve essere privo di sporgenze di malta e di calcestruzzo. Cavit\u00e0, fughe aperte di larghezza superiore a 3 mm e simili devono essere chiuse a regola d'arte prima dell'applicazione dello strato sottile d'intonaco. \u00c8 necessario altres\u00ec assicurare un supporto con grado di assorbimento uniforme.<\/p>\n<p>\u00a0<\/p>\n<\/div>\n<\/div><\/div><\/div><\/div><\/div>","protected":false},"excerpt":{"rendered":"<p>La combinazione di mattoni &amp; intonaci consiglia \u2013 una partnership di sistema tra R\u00d6FIX e la ditta Ziegelwerk Klosterbeuren.\u00c0tecnica comporta l&#8217;impiego di intonaci alleggeriti. Un&#8217;ottimale combinazione tra gli elementi costitutivi della parete, i mattoni, e il rivestimento murale (per interni o per esterni) \u00e8 determinante al fine di ottenere delle facciate dell&#8217;edificio funzionali sotto il [&hellip;]<\/p>\n","protected":false},"author":2,"featured_media":6041,"parent":2908,"menu_order":58,"comment_status":"closed","ping_status":"closed","template":"","meta":{"_acf_changed":false,"footnotes":""},"class_list":["post-9594","page","type-page","status-publish","has-post-thumbnail","hentry"],"acf":[],"_links":{"self":[{"href":"https:\/\/www.zwk.de\/it\/wp-json\/wp\/v2\/pages\/9594","targetHints":{"allow":["GET"]}}],"collection":[{"href":"https:\/\/www.zwk.de\/it\/wp-json\/wp\/v2\/pages"}],"about":[{"href":"https:\/\/www.zwk.de\/it\/wp-json\/wp\/v2\/types\/page"}],"author":[{"embeddable":true,"href":"https:\/\/www.zwk.de\/it\/wp-json\/wp\/v2\/users\/2"}],"replies":[{"embeddable":true,"href":"https:\/\/www.zwk.de\/it\/wp-json\/wp\/v2\/comments?post=9594"}],"version-history":[{"count":14,"href":"https:\/\/www.zwk.de\/it\/wp-json\/wp\/v2\/pages\/9594\/revisions"}],"predecessor-version":[{"id":10950,"href":"https:\/\/www.zwk.de\/it\/wp-json\/wp\/v2\/pages\/9594\/revisions\/10950"}],"up":[{"embeddable":true,"href":"https:\/\/www.zwk.de\/it\/wp-json\/wp\/v2\/pages\/2908"}],"wp:featuredmedia":[{"embeddable":true,"href":"https:\/\/www.zwk.de\/it\/wp-json\/wp\/v2\/media\/6041"}],"wp:attachment":[{"href":"https:\/\/www.zwk.de\/it\/wp-json\/wp\/v2\/media?parent=9594"}],"curies":[{"name":"wp","href":"https:\/\/api.w.org\/{rel}","templated":true}]}}